{"id":10306,"date":"2023-05-16T13:14:02","date_gmt":"2023-05-16T13:14:02","guid":{"rendered":"https:\/\/naskistore.com\/?post_type=product&#038;p=10306"},"modified":"2023-05-16T13:16:36","modified_gmt":"2023-05-16T13:16:36","slug":"bouton-poussoir-3-modules-16a-touch-44","status":"publish","type":"product","link":"https:\/\/naskistore.com\/index.php\/product\/bouton-poussoir-3-modules-16a-touch-44\/","title":{"rendered":"BOUTON POUSSOIR 3 MODULES 16A TOUCH 44"},"content":{"rendered":"<p>Bouton poussoir \u00e9lectronique tactile avec \u00e9tiquette pour nom &#8211; Sortie relai 1P NO 8A &#8211; Contr\u00f4l\u00e9 par un contact frontal &#8211; Mode d\u2019op\u00e9ration monostable &#8211; Led d\u2019identification dans l\u2019obscurit\u00e9 &#8211; Alimentation 230V~ &#8211; Possibilit\u00e9 de r\u00e9guler l\u2019intensit\u00e9 de la lumi\u00e8re de l\u2019\u00e9tiquette pour nom &#8211; Coupl\u00e9 avec les plaques \u201cAve Touch\u201d &#8211; 3 modules<\/p>\n","protected":false},"excerpt":{"rendered":"<p>Bouton poussoir \u00e9lectronique tactile avec \u00e9tiquette pour nom &#8211; Sortie relai 1P NO 8A &#8211; Contr\u00f4l\u00e9 par un contact frontal &#8211; Mode d\u2019op\u00e9ration monostable &#8211; Led d\u2019identification dans l\u2019obscurit\u00e9 &#8211; Alimentation 230V~ &#8211; Possibilit\u00e9 de r\u00e9guler l\u2019intensit\u00e9 de la lumi\u00e8re de l\u2019\u00e9tiquette pour nom &#8211; Coupl\u00e9 avec les plaques \u201cAve Touch\u201d &#8211; 3 modules<\/p>\n","protected":false},"featured_media":10307,"template":"","meta":{"om_disable_all_campaigns":false,"_mi_skip_tracking":false,"_monsterinsights_sitenote_active":false,"_monsterinsights_sitenote_note":"","_monsterinsights_sitenote_category":0},"product_cat":[66,65],"product_tag":[],"class_list":["post-10306","product","type-product","status-publish","has-post-thumbnail","hentry","product_cat-commandes-et-accessoires-ave-touche","product_cat-systeme-44"],"aioseo_notices":[],"yoast_head":"<!-- This site is optimized with the Yoast SEO Premium plugin v21.5 (Yoast SEO v21.5) - https:\/\/yoast.com\/wordpress\/plugins\/seo\/ -->\n<title>BOUTON POUSSOIR 3 MODULES 16A TOUCH 44 - Naski Store<\/title>\n<meta name=\"robots\" content=\"index, follow, max-snippet:-1, max-image-preview:large, max-video-preview:-1\" \/>\n<link rel=\"canonical\" href=\"https:\/\/naskistore.com\/index.php\/product\/bouton-poussoir-3-modules-16a-touch-44\/\" \/>\n<meta property=\"og:locale\" content=\"fr_FR\" \/>\n<meta property=\"og:type\" content=\"article\" \/>\n<meta property=\"og:title\" content=\"BOUTON POUSSOIR 3 MODULES 16A TOUCH 44\" \/>\n<meta property=\"og:description\" content=\"Bouton poussoir \u00e9lectronique tactile avec \u00e9tiquette pour nom &#8211; Sortie relai 1P NO 8A &#8211; Contr\u00f4l\u00e9 par un contact frontal &#8211; Mode d\u2019op\u00e9ration monostable &#8211; Led d\u2019identification dans l\u2019obscurit\u00e9 &#8211; Alimentation 230V~ &#8211; Possibilit\u00e9 de r\u00e9guler l\u2019intensit\u00e9 de la lumi\u00e8re de l\u2019\u00e9tiquette pour nom &#8211; Coupl\u00e9 avec les plaques \u201cAve Touch\u201d &#8211; 3 modules\" \/>\n<meta property=\"og:url\" content=\"https:\/\/naskistore.com\/index.php\/product\/bouton-poussoir-3-modules-16a-touch-44\/\" \/>\n<meta property=\"og:site_name\" content=\"Naski Store\" \/>\n<meta property=\"article:modified_time\" content=\"2023-05-16T13:16:36+00:00\" \/>\n<meta property=\"og:image\" content=\"https:\/\/naskistore.com\/wp-content\/uploads\/2023\/05\/bouton-poussoir-electronique-tactile-avec-etiquette-pour-nom.jpg\" \/>\n\t<meta property=\"og:image:width\" content=\"458\" \/>\n\t<meta property=\"og:image:height\" content=\"458\" \/>\n\t<meta property=\"og:image:type\" content=\"image\/jpeg\" \/>\n<meta name=\"twitter:card\" content=\"summary_large_image\" \/>\n<script type=\"application\/ld+json\" class=\"yoast-schema-graph\">{\"@context\":\"https:\/\/schema.org\",\"@graph\":[{\"@type\":\"WebPage\",\"@id\":\"https:\/\/naskistore.com\/index.php\/product\/bouton-poussoir-3-modules-16a-touch-44\/\",\"url\":\"https:\/\/naskistore.com\/index.php\/product\/bouton-poussoir-3-modules-16a-touch-44\/\",\"name\":\"BOUTON POUSSOIR 3 MODULES 16A TOUCH 44 - Naski Store\",\"isPartOf\":{\"@id\":\"https:\/\/naskistore.com\/#website\"},\"datePublished\":\"2023-05-16T13:14:02+00:00\",\"dateModified\":\"2023-05-16T13:16:36+00:00\",\"breadcrumb\":{\"@id\":\"https:\/\/naskistore.com\/index.php\/product\/bouton-poussoir-3-modules-16a-touch-44\/#breadcrumb\"},\"inLanguage\":\"fr-FR\",\"potentialAction\":[{\"@type\":\"ReadAction\",\"target\":[\"https:\/\/naskistore.com\/index.php\/product\/bouton-poussoir-3-modules-16a-touch-44\/\"]}]},{\"@type\":\"BreadcrumbList\",\"@id\":\"https:\/\/naskistore.com\/index.php\/product\/bouton-poussoir-3-modules-16a-touch-44\/#breadcrumb\",\"itemListElement\":[{\"@type\":\"ListItem\",\"position\":1,\"name\":\"Home\",\"item\":\"https:\/\/naskistore.com\/\"},{\"@type\":\"ListItem\",\"position\":2,\"name\":\"Boutique\",\"item\":\"https:\/\/naskistore.com\/index.php\/boutique\/\"},{\"@type\":\"ListItem\",\"position\":3,\"name\":\"BOUTON POUSSOIR 3 MODULES 16A TOUCH 44\"}]},{\"@type\":\"WebSite\",\"@id\":\"https:\/\/naskistore.com\/#website\",\"url\":\"https:\/\/naskistore.com\/\",\"name\":\"Naski Store\",\"description\":\"Quincaillerie g\u00e9n\u00e9rale\",\"publisher\":{\"@id\":\"https:\/\/naskistore.com\/#organization\"},\"potentialAction\":[{\"@type\":\"SearchAction\",\"target\":{\"@type\":\"EntryPoint\",\"urlTemplate\":\"https:\/\/naskistore.com\/?s={search_term_string}\"},\"query-input\":\"required name=search_term_string\"}],\"inLanguage\":\"fr-FR\"},{\"@type\":\"Organization\",\"@id\":\"https:\/\/naskistore.com\/#organization\",\"name\":\"Naski Store\",\"url\":\"https:\/\/naskistore.com\/\",\"logo\":{\"@type\":\"ImageObject\",\"inLanguage\":\"fr-FR\",\"@id\":\"https:\/\/naskistore.com\/#\/schema\/logo\/image\/\",\"url\":\"https:\/\/naskistore.com\/wp-content\/uploads\/2023\/05\/LOGO.png\",\"contentUrl\":\"https:\/\/naskistore.com\/wp-content\/uploads\/2023\/05\/LOGO.png\",\"width\":1720,\"height\":696,\"caption\":\"Naski Store\"},\"image\":{\"@id\":\"https:\/\/naskistore.com\/#\/schema\/logo\/image\/\"}}]}<\/script>\n<!-- \/ Yoast SEO Premium plugin. -->","yoast_head_json":{"title":"BOUTON POUSSOIR 3 MODULES 16A TOUCH 44 - Naski Store","robots":{"index":"index","follow":"follow","max-snippet":"max-snippet:-1","max-image-preview":"max-image-preview:large","max-video-preview":"max-video-preview:-1"},"canonical":"https:\/\/naskistore.com\/index.php\/product\/bouton-poussoir-3-modules-16a-touch-44\/","og_locale":"fr_FR","og_type":"article","og_title":"BOUTON POUSSOIR 3 MODULES 16A TOUCH 44","og_description":"Bouton poussoir \u00e9lectronique tactile avec \u00e9tiquette pour nom &#8211; Sortie relai 1P NO 8A &#8211; Contr\u00f4l\u00e9 par un contact frontal &#8211; Mode d\u2019op\u00e9ration monostable &#8211; Led d\u2019identification dans l\u2019obscurit\u00e9 &#8211; Alimentation 230V~ &#8211; Possibilit\u00e9 de r\u00e9guler l\u2019intensit\u00e9 de la lumi\u00e8re de l\u2019\u00e9tiquette pour nom &#8211; Coupl\u00e9 avec les plaques \u201cAve Touch\u201d &#8211; 3 modules","og_url":"https:\/\/naskistore.com\/index.php\/product\/bouton-poussoir-3-modules-16a-touch-44\/","og_site_name":"Naski Store","article_modified_time":"2023-05-16T13:16:36+00:00","og_image":[{"width":458,"height":458,"url":"https:\/\/naskistore.com\/wp-content\/uploads\/2023\/05\/bouton-poussoir-electronique-tactile-avec-etiquette-pour-nom.jpg","type":"image\/jpeg"}],"twitter_card":"summary_large_image","schema":{"@context":"https:\/\/schema.org","@graph":[{"@type":"WebPage","@id":"https:\/\/naskistore.com\/index.php\/product\/bouton-poussoir-3-modules-16a-touch-44\/","url":"https:\/\/naskistore.com\/index.php\/product\/bouton-poussoir-3-modules-16a-touch-44\/","name":"BOUTON POUSSOIR 3 MODULES 16A TOUCH 44 - Naski Store","isPartOf":{"@id":"https:\/\/naskistore.com\/#website"},"datePublished":"2023-05-16T13:14:02+00:00","dateModified":"2023-05-16T13:16:36+00:00","breadcrumb":{"@id":"https:\/\/naskistore.com\/index.php\/product\/bouton-poussoir-3-modules-16a-touch-44\/#breadcrumb"},"inLanguage":"fr-FR","potentialAction":[{"@type":"ReadAction","target":["https:\/\/naskistore.com\/index.php\/product\/bouton-poussoir-3-modules-16a-touch-44\/"]}]},{"@type":"BreadcrumbList","@id":"https:\/\/naskistore.com\/index.php\/product\/bouton-poussoir-3-modules-16a-touch-44\/#breadcrumb","itemListElement":[{"@type":"ListItem","position":1,"name":"Home","item":"https:\/\/naskistore.com\/"},{"@type":"ListItem","position":2,"name":"Boutique","item":"https:\/\/naskistore.com\/index.php\/boutique\/"},{"@type":"ListItem","position":3,"name":"BOUTON POUSSOIR 3 MODULES 16A TOUCH 44"}]},{"@type":"WebSite","@id":"https:\/\/naskistore.com\/#website","url":"https:\/\/naskistore.com\/","name":"Naski Store","description":"Quincaillerie g\u00e9n\u00e9rale","publisher":{"@id":"https:\/\/naskistore.com\/#organization"},"potentialAction":[{"@type":"SearchAction","target":{"@type":"EntryPoint","urlTemplate":"https:\/\/naskistore.com\/?s={search_term_string}"},"query-input":"required name=search_term_string"}],"inLanguage":"fr-FR"},{"@type":"Organization","@id":"https:\/\/naskistore.com\/#organization","name":"Naski Store","url":"https:\/\/naskistore.com\/","logo":{"@type":"ImageObject","inLanguage":"fr-FR","@id":"https:\/\/naskistore.com\/#\/schema\/logo\/image\/","url":"https:\/\/naskistore.com\/wp-content\/uploads\/2023\/05\/LOGO.png","contentUrl":"https:\/\/naskistore.com\/wp-content\/uploads\/2023\/05\/LOGO.png","width":1720,"height":696,"caption":"Naski Store"},"image":{"@id":"https:\/\/naskistore.com\/#\/schema\/logo\/image\/"}}]}},"_links":{"self":[{"href":"https:\/\/naskistore.com\/index.php\/wp-json\/wp\/v2\/product\/10306","targetHints":{"allow":["GET"]}}],"collection":[{"href":"https:\/\/naskistore.com\/index.php\/wp-json\/wp\/v2\/product"}],"about":[{"href":"https:\/\/naskistore.com\/index.php\/wp-json\/wp\/v2\/types\/product"}],"wp:featuredmedia":[{"embeddable":true,"href":"https:\/\/naskistore.com\/index.php\/wp-json\/wp\/v2\/media\/10307"}],"wp:attachment":[{"href":"https:\/\/naskistore.com\/index.php\/wp-json\/wp\/v2\/media?parent=10306"}],"wp:term":[{"taxonomy":"product_cat","embeddable":true,"href":"https:\/\/naskistore.com\/index.php\/wp-json\/wp\/v2\/product_cat?post=10306"},{"taxonomy":"product_tag","embeddable":true,"href":"https:\/\/naskistore.com\/index.php\/wp-json\/wp\/v2\/product_tag?post=10306"}],"curies":[{"name":"wp","href":"https:\/\/api.w.org\/{rel}","templated":true}]}}