{"id":10308,"date":"2023-05-16T13:17:57","date_gmt":"2023-05-16T13:17:57","guid":{"rendered":"https:\/\/naskistore.com\/?post_type=product&#038;p=10308"},"modified":"2023-05-16T13:40:31","modified_gmt":"2023-05-16T13:40:31","slug":"commutateur-tactile-pour-volet-roulant-touch-44","status":"publish","type":"product","link":"https:\/\/naskistore.com\/index.php\/product\/commutateur-tactile-pour-volet-roulant-touch-44\/","title":{"rendered":"COMMUTATEUR TACTILE POUR VOLET ROULANT TOUCH 44"},"content":{"rendered":"<p>Commutateur tactile pour volets roulants \u00e9lectriques avec 2 sorties relai monostables, Contr\u00f4l\u00e9 par un contact frontal et \u00e0 travers plusieurs points avec des boutons NO &#8211; Mode d\u2019op\u00e9ration monostable ou bistable \u2013 LED d\u2019identification \u00e0 faible consommation dans l\u2019obscurit\u00e9 &#8211; Alimentation 230V~ &#8211; Coupl\u00e9 avec les plaques \u201cAve Touch\u201d &#8211; 1 module<\/p>\n","protected":false},"excerpt":{"rendered":"<p>Commutateur tactile pour volets roulants \u00e9lectriques avec 2 sorties relai monostables, Contr\u00f4l\u00e9 par un contact frontal et \u00e0 travers plusieurs points avec des boutons NO &#8211; Mode d\u2019op\u00e9ration monostable ou bistable \u2013 LED d\u2019identification \u00e0 faible consommation dans l\u2019obscurit\u00e9 &#8211; Alimentation 230V~ &#8211; Coupl\u00e9 avec les plaques \u201cAve Touch\u201d &#8211; 1 module<\/p>\n","protected":false},"featured_media":10309,"template":"","meta":{"om_disable_all_campaigns":false,"_mi_skip_tracking":false,"_monsterinsights_sitenote_active":false,"_monsterinsights_sitenote_note":"","_monsterinsights_sitenote_category":0},"product_cat":[66,65],"product_tag":[],"class_list":["post-10308","product","type-product","status-publish","has-post-thumbnail","hentry","product_cat-commandes-et-accessoires-ave-touche","product_cat-systeme-44"],"aioseo_notices":[],"yoast_head":"<!-- This site is optimized with the Yoast SEO Premium plugin v21.5 (Yoast SEO v21.5) - https:\/\/yoast.com\/wordpress\/plugins\/seo\/ -->\n<title>COMMUTATEUR TACTILE POUR VOLET ROULANT TOUCH 44 - Naski Store<\/title>\n<meta name=\"robots\" content=\"index, follow, max-snippet:-1, max-image-preview:large, max-video-preview:-1\" \/>\n<link rel=\"canonical\" href=\"https:\/\/naskistore.com\/index.php\/product\/commutateur-tactile-pour-volet-roulant-touch-44\/\" \/>\n<meta property=\"og:locale\" content=\"fr_FR\" \/>\n<meta property=\"og:type\" content=\"article\" \/>\n<meta property=\"og:title\" content=\"COMMUTATEUR TACTILE POUR VOLET ROULANT TOUCH 44\" \/>\n<meta property=\"og:description\" content=\"Commutateur tactile pour volets roulants \u00e9lectriques avec 2 sorties relai monostables, Contr\u00f4l\u00e9 par un contact frontal et \u00e0 travers plusieurs points avec des boutons NO &#8211; Mode d\u2019op\u00e9ration monostable ou bistable \u2013 LED d\u2019identification \u00e0 faible consommation dans l\u2019obscurit\u00e9 &#8211; Alimentation 230V~ &#8211; Coupl\u00e9 avec les plaques \u201cAve Touch\u201d &#8211; 1 module\" \/>\n<meta property=\"og:url\" content=\"https:\/\/naskistore.com\/index.php\/product\/commutateur-tactile-pour-volet-roulant-touch-44\/\" \/>\n<meta property=\"og:site_name\" content=\"Naski Store\" \/>\n<meta property=\"article:modified_time\" content=\"2023-05-16T13:40:31+00:00\" \/>\n<meta property=\"og:image\" content=\"https:\/\/naskistore.com\/wp-content\/uploads\/2023\/05\/commutateur-tactile-pour-volets-electriques.jpg\" \/>\n\t<meta property=\"og:image:width\" content=\"458\" \/>\n\t<meta property=\"og:image:height\" content=\"458\" \/>\n\t<meta property=\"og:image:type\" content=\"image\/jpeg\" \/>\n<meta name=\"twitter:card\" content=\"summary_large_image\" \/>\n<script type=\"application\/ld+json\" class=\"yoast-schema-graph\">{\"@context\":\"https:\/\/schema.org\",\"@graph\":[{\"@type\":\"WebPage\",\"@id\":\"https:\/\/naskistore.com\/index.php\/product\/commutateur-tactile-pour-volet-roulant-touch-44\/\",\"url\":\"https:\/\/naskistore.com\/index.php\/product\/commutateur-tactile-pour-volet-roulant-touch-44\/\",\"name\":\"COMMUTATEUR TACTILE POUR VOLET ROULANT TOUCH 44 - Naski Store\",\"isPartOf\":{\"@id\":\"https:\/\/naskistore.com\/#website\"},\"datePublished\":\"2023-05-16T13:17:57+00:00\",\"dateModified\":\"2023-05-16T13:40:31+00:00\",\"breadcrumb\":{\"@id\":\"https:\/\/naskistore.com\/index.php\/product\/commutateur-tactile-pour-volet-roulant-touch-44\/#breadcrumb\"},\"inLanguage\":\"fr-FR\",\"potentialAction\":[{\"@type\":\"ReadAction\",\"target\":[\"https:\/\/naskistore.com\/index.php\/product\/commutateur-tactile-pour-volet-roulant-touch-44\/\"]}]},{\"@type\":\"BreadcrumbList\",\"@id\":\"https:\/\/naskistore.com\/index.php\/product\/commutateur-tactile-pour-volet-roulant-touch-44\/#breadcrumb\",\"itemListElement\":[{\"@type\":\"ListItem\",\"position\":1,\"name\":\"Home\",\"item\":\"https:\/\/naskistore.com\/\"},{\"@type\":\"ListItem\",\"position\":2,\"name\":\"Boutique\",\"item\":\"https:\/\/naskistore.com\/index.php\/boutique\/\"},{\"@type\":\"ListItem\",\"position\":3,\"name\":\"COMMUTATEUR TACTILE POUR VOLET ROULANT TOUCH 44\"}]},{\"@type\":\"WebSite\",\"@id\":\"https:\/\/naskistore.com\/#website\",\"url\":\"https:\/\/naskistore.com\/\",\"name\":\"Naski Store\",\"description\":\"Quincaillerie g\u00e9n\u00e9rale\",\"publisher\":{\"@id\":\"https:\/\/naskistore.com\/#organization\"},\"potentialAction\":[{\"@type\":\"SearchAction\",\"target\":{\"@type\":\"EntryPoint\",\"urlTemplate\":\"https:\/\/naskistore.com\/?s={search_term_string}\"},\"query-input\":\"required name=search_term_string\"}],\"inLanguage\":\"fr-FR\"},{\"@type\":\"Organization\",\"@id\":\"https:\/\/naskistore.com\/#organization\",\"name\":\"Naski Store\",\"url\":\"https:\/\/naskistore.com\/\",\"logo\":{\"@type\":\"ImageObject\",\"inLanguage\":\"fr-FR\",\"@id\":\"https:\/\/naskistore.com\/#\/schema\/logo\/image\/\",\"url\":\"https:\/\/naskistore.com\/wp-content\/uploads\/2023\/05\/LOGO.png\",\"contentUrl\":\"https:\/\/naskistore.com\/wp-content\/uploads\/2023\/05\/LOGO.png\",\"width\":1720,\"height\":696,\"caption\":\"Naski Store\"},\"image\":{\"@id\":\"https:\/\/naskistore.com\/#\/schema\/logo\/image\/\"}}]}<\/script>\n<!-- \/ Yoast SEO Premium plugin. -->","yoast_head_json":{"title":"COMMUTATEUR TACTILE POUR VOLET ROULANT TOUCH 44 - Naski Store","robots":{"index":"index","follow":"follow","max-snippet":"max-snippet:-1","max-image-preview":"max-image-preview:large","max-video-preview":"max-video-preview:-1"},"canonical":"https:\/\/naskistore.com\/index.php\/product\/commutateur-tactile-pour-volet-roulant-touch-44\/","og_locale":"fr_FR","og_type":"article","og_title":"COMMUTATEUR TACTILE POUR VOLET ROULANT TOUCH 44","og_description":"Commutateur tactile pour volets roulants \u00e9lectriques avec 2 sorties relai monostables, Contr\u00f4l\u00e9 par un contact frontal et \u00e0 travers plusieurs points avec des boutons NO &#8211; Mode d\u2019op\u00e9ration monostable ou bistable \u2013 LED d\u2019identification \u00e0 faible consommation dans l\u2019obscurit\u00e9 &#8211; Alimentation 230V~ &#8211; Coupl\u00e9 avec les plaques \u201cAve Touch\u201d &#8211; 1 module","og_url":"https:\/\/naskistore.com\/index.php\/product\/commutateur-tactile-pour-volet-roulant-touch-44\/","og_site_name":"Naski Store","article_modified_time":"2023-05-16T13:40:31+00:00","og_image":[{"width":458,"height":458,"url":"https:\/\/naskistore.com\/wp-content\/uploads\/2023\/05\/commutateur-tactile-pour-volets-electriques.jpg","type":"image\/jpeg"}],"twitter_card":"summary_large_image","schema":{"@context":"https:\/\/schema.org","@graph":[{"@type":"WebPage","@id":"https:\/\/naskistore.com\/index.php\/product\/commutateur-tactile-pour-volet-roulant-touch-44\/","url":"https:\/\/naskistore.com\/index.php\/product\/commutateur-tactile-pour-volet-roulant-touch-44\/","name":"COMMUTATEUR TACTILE POUR VOLET ROULANT TOUCH 44 - Naski Store","isPartOf":{"@id":"https:\/\/naskistore.com\/#website"},"datePublished":"2023-05-16T13:17:57+00:00","dateModified":"2023-05-16T13:40:31+00:00","breadcrumb":{"@id":"https:\/\/naskistore.com\/index.php\/product\/commutateur-tactile-pour-volet-roulant-touch-44\/#breadcrumb"},"inLanguage":"fr-FR","potentialAction":[{"@type":"ReadAction","target":["https:\/\/naskistore.com\/index.php\/product\/commutateur-tactile-pour-volet-roulant-touch-44\/"]}]},{"@type":"BreadcrumbList","@id":"https:\/\/naskistore.com\/index.php\/product\/commutateur-tactile-pour-volet-roulant-touch-44\/#breadcrumb","itemListElement":[{"@type":"ListItem","position":1,"name":"Home","item":"https:\/\/naskistore.com\/"},{"@type":"ListItem","position":2,"name":"Boutique","item":"https:\/\/naskistore.com\/index.php\/boutique\/"},{"@type":"ListItem","position":3,"name":"COMMUTATEUR TACTILE POUR VOLET ROULANT TOUCH 44"}]},{"@type":"WebSite","@id":"https:\/\/naskistore.com\/#website","url":"https:\/\/naskistore.com\/","name":"Naski Store","description":"Quincaillerie g\u00e9n\u00e9rale","publisher":{"@id":"https:\/\/naskistore.com\/#organization"},"potentialAction":[{"@type":"SearchAction","target":{"@type":"EntryPoint","urlTemplate":"https:\/\/naskistore.com\/?s={search_term_string}"},"query-input":"required name=search_term_string"}],"inLanguage":"fr-FR"},{"@type":"Organization","@id":"https:\/\/naskistore.com\/#organization","name":"Naski Store","url":"https:\/\/naskistore.com\/","logo":{"@type":"ImageObject","inLanguage":"fr-FR","@id":"https:\/\/naskistore.com\/#\/schema\/logo\/image\/","url":"https:\/\/naskistore.com\/wp-content\/uploads\/2023\/05\/LOGO.png","contentUrl":"https:\/\/naskistore.com\/wp-content\/uploads\/2023\/05\/LOGO.png","width":1720,"height":696,"caption":"Naski Store"},"image":{"@id":"https:\/\/naskistore.com\/#\/schema\/logo\/image\/"}}]}},"_links":{"self":[{"href":"https:\/\/naskistore.com\/index.php\/wp-json\/wp\/v2\/product\/10308","targetHints":{"allow":["GET"]}}],"collection":[{"href":"https:\/\/naskistore.com\/index.php\/wp-json\/wp\/v2\/product"}],"about":[{"href":"https:\/\/naskistore.com\/index.php\/wp-json\/wp\/v2\/types\/product"}],"wp:featuredmedia":[{"embeddable":true,"href":"https:\/\/naskistore.com\/index.php\/wp-json\/wp\/v2\/media\/10309"}],"wp:attachment":[{"href":"https:\/\/naskistore.com\/index.php\/wp-json\/wp\/v2\/media?parent=10308"}],"wp:term":[{"taxonomy":"product_cat","embeddable":true,"href":"https:\/\/naskistore.com\/index.php\/wp-json\/wp\/v2\/product_cat?post=10308"},{"taxonomy":"product_tag","embeddable":true,"href":"https:\/\/naskistore.com\/index.php\/wp-json\/wp\/v2\/product_tag?post=10308"}],"curies":[{"name":"wp","href":"https:\/\/api.w.org\/{rel}","templated":true}]}}