{"id":11009,"date":"2023-06-20T17:21:24","date_gmt":"2023-06-20T17:21:24","guid":{"rendered":"https:\/\/naskistore.com\/?post_type=product&#038;p=11009"},"modified":"2023-06-20T17:21:24","modified_gmt":"2023-06-20T17:21:24","slug":"chauffe-eau-electrique-80-litres-bosch","status":"publish","type":"product","link":"https:\/\/naskistore.com\/index.php\/product\/chauffe-eau-electrique-80-litres-bosch\/","title":{"rendered":"CHAUFFE EAU \u00c9LECTRIQUE 80 LITRES BOSCH"},"content":{"rendered":"<p style=\"font-weight: 500\"><b><strong><span style=\"font-weight: 500 !important\">CHAUFFE EAU ELECTRIQUE 80 LITRES BOSCH:<\/span><\/strong><\/b><\/p>\n<p style=\"font-weight: 500\"><span style=\"font-weight: 500 !important\">Le chauffe-eau est un \u00e9quipement domestique ou industriel servant \u00e0 chauffer de l&rsquo;eau \u00e0 l&rsquo;aide d&rsquo;une source d&rsquo;\u00e9nergie,<\/span><\/p>\n<p style=\"font-weight: 500\"><span style=\"font-weight: 500 !important\">qui peut \u00eatre l&rsquo;\u00e9lectricit\u00e9, le gaz, le fioul ou l&rsquo;\u00e9nergie solaire<\/span><\/p>\n<p style=\"font-weight: 500\"><span style=\"font-weight: 500 !important\">Chauffe-eau \u00e9lectrique BOSCH Tronic 2000 T ES80-6 Classe \u00e9nerg\u00e9tique ErP: C Tension de connexion: 230 Vac<\/span><\/p>\n<p style=\"font-weight: 500\"><span style=\"font-weight: 500 !important\">Puissance \u00e9lectrique: 2000W Poids avec r\u00e9servoir vide: 25 kg Poids avec r\u00e9servoir plein: 105 kg<\/span><\/p>\n<p style=\"font-weight: 500\"><span style=\"font-weight: 500 !important\">Capacit\u00e9: 80 litres Temp\u00e9rature maximale: 10-65\u00baC Profil de charge nominal: L Intensit\u00e9 du courant de phase: 8,7 A<\/span><\/p>\n<p style=\"font-weight: 500\"><span style=\"font-weight: 500 !important\">Classe de protection (IP): IP24 Fr\u00e9quence: 50 Hz Points d&rsquo;eau: 1\/2 \u00a0\u00bb Pression maximale admissible: 8 bars<\/span><\/p>\n<p style=\"font-weight: 500\"><span style=\"font-weight: 500 !important\">Temps de chauffage (\u0394T = 50\u00b0C): 2h 10 min<\/span><\/p>\n<p style=\"font-weight: 500\"><span style=\"font-weight: 500 !important\"><b><strong>PRINCIPALES CARACT\u00c9RISTIQUES DE CHAUFFE EAU ELECTRIQUE 80 LITRES BOSCH<\/strong><\/b><\/span><\/p>\n<p style=\"font-weight: 500\"><span style=\"font-weight: 500 !important\">Couleur: Blanc<\/span><\/p>\n<p style=\"font-weight: 500\"><span style=\"font-weight: 500 !important\">Puissance: 2000 W<\/span><\/p>\n<p style=\"font-weight: 500\"><span style=\"font-weight: 500 !important\">Fr\u00e9quence: 50 Hz<\/span><\/p>\n<p style=\"font-weight: 500\"><span style=\"font-weight: 500 !important\">Capacit\u00e9: 80 L<\/span><\/p>\n<p style=\"font-weight: 500\"><span style=\"font-weight: 500 !important\">Classification \u00e9nerg\u00e9tique: C<\/span><\/p>\n<p style=\"font-weight: 500\"><span style=\"font-weight: 500 !important\">Bloc d\u2019Alimentation: Lumi\u00e8re<\/span><\/p>\n<p style=\"font-weight: 500\"><span style=\"font-weight: 500 !important\">Thermostat: oui<\/span><\/p>\n<p style=\"font-weight: 500\"><span style=\"font-weight: 500 !important\">Temp\u00e9rature: 10\u00baC-65\u00baC<\/span><\/p>\n<p style=\"font-weight: 500\"><span style=\"font-weight: 500 !important\">Pression: 8 bar<\/span><\/p>\n<p style=\"font-weight: 500\"><span style=\"font-weight: 500 !important\">IP24<\/span><\/p>\n<p style=\"font-weight: 500\"><span style=\"font-weight: 500 !important\">Points d&rsquo;eau: 1\/2 \u00ab\u00a0<\/span><\/p>\n<p style=\"font-weight: 500\"><span style=\"font-weight: 500 !important\">Poids avec r\u00e9servoir vide: 20kg<\/span><\/p>\n<p style=\"font-weight: 500\"><span style=\"font-weight: 500 !important\"><b><strong>DESCRIPTIF TECHNIQUE DE\u00a0CHAUFFE EAU ELECTRIQUE 80 LITRES BOSCH<\/strong><\/b><\/span><\/p>\n<p style=\"font-weight: 500\"><span style=\"font-weight: 500 !important\">SKU: BO536PB1IHFF4NAFAMZ<\/span><\/p>\n<p style=\"font-weight: 500\"><span style=\"font-weight: 500 !important\">Poids (kg): 24<\/span><\/p>\n","protected":false},"excerpt":{"rendered":"<p>CHAUFFE EAU ELECTRIQUE 80 LITRES BOSCH: Le chauffe-eau est un \u00e9quipement domestique ou industriel servant \u00e0 chauffer de l&rsquo;eau \u00e0 l&rsquo;aide d&rsquo;une source d&rsquo;\u00e9nergie, qui peut \u00eatre l&rsquo;\u00e9lectricit\u00e9, le gaz, le fioul ou l&rsquo;\u00e9nergie solaire Chauffe-eau \u00e9lectrique BOSCH Tronic 2000 T ES80-6 Classe \u00e9nerg\u00e9tique ErP: C Tension de connexion: 230 Vac Puissance \u00e9lectrique: 2000W Poids [&hellip;]<\/p>\n","protected":false},"featured_media":11010,"template":"","meta":{"om_disable_all_campaigns":false,"_mi_skip_tracking":false,"_monsterinsights_sitenote_active":false,"_monsterinsights_sitenote_note":"","_monsterinsights_sitenote_category":0},"product_cat":[409,241],"product_tag":[],"class_list":["post-11009","product","type-product","status-publish","has-post-thumbnail","hentry","product_cat-chauffage-et-climatisation","product_cat-plomberie","product_brand-bosh"],"aioseo_notices":[],"yoast_head":"<!-- This site is optimized with the Yoast SEO Premium plugin v21.5 (Yoast SEO v21.5) - https:\/\/yoast.com\/wordpress\/plugins\/seo\/ -->\n<title>CHAUFFE EAU \u00c9LECTRIQUE 80 LITRES BOSCH - Naski Store<\/title>\n<meta name=\"robots\" content=\"index, follow, max-snippet:-1, max-image-preview:large, max-video-preview:-1\" \/>\n<link rel=\"canonical\" href=\"https:\/\/naskistore.com\/index.php\/product\/chauffe-eau-electrique-80-litres-bosch\/\" \/>\n<meta property=\"og:locale\" content=\"fr_FR\" \/>\n<meta property=\"og:type\" content=\"article\" \/>\n<meta property=\"og:title\" content=\"CHAUFFE EAU \u00c9LECTRIQUE 80 LITRES BOSCH\" \/>\n<meta property=\"og:description\" content=\"CHAUFFE EAU ELECTRIQUE 80 LITRES BOSCH: Le chauffe-eau est un \u00e9quipement domestique ou industriel servant \u00e0 chauffer de l&rsquo;eau \u00e0 l&rsquo;aide d&rsquo;une source d&rsquo;\u00e9nergie, qui peut \u00eatre l&rsquo;\u00e9lectricit\u00e9, le gaz, le fioul ou l&rsquo;\u00e9nergie solaire Chauffe-eau \u00e9lectrique BOSCH Tronic 2000 T ES80-6 Classe \u00e9nerg\u00e9tique ErP: C Tension de connexion: 230 Vac Puissance \u00e9lectrique: 2000W Poids [&hellip;]\" \/>\n<meta property=\"og:url\" content=\"https:\/\/naskistore.com\/index.php\/product\/chauffe-eau-electrique-80-litres-bosch\/\" \/>\n<meta property=\"og:site_name\" content=\"Naski Store\" \/>\n<meta property=\"og:image\" content=\"https:\/\/naskistore.com\/wp-content\/uploads\/2023\/06\/chauffe-eau-electrique-30-litres-bosch.jpg\" \/>\n\t<meta property=\"og:image:width\" content=\"600\" \/>\n\t<meta property=\"og:image:height\" content=\"600\" \/>\n\t<meta property=\"og:image:type\" content=\"image\/jpeg\" \/>\n<meta name=\"twitter:card\" content=\"summary_large_image\" \/>\n<meta name=\"twitter:label1\" content=\"Dur\u00e9e de lecture estim\u00e9e\" \/>\n\t<meta name=\"twitter:data1\" content=\"1 minute\" \/>\n<script type=\"application\/ld+json\" class=\"yoast-schema-graph\">{\"@context\":\"https:\/\/schema.org\",\"@graph\":[{\"@type\":\"WebPage\",\"@id\":\"https:\/\/naskistore.com\/index.php\/product\/chauffe-eau-electrique-80-litres-bosch\/\",\"url\":\"https:\/\/naskistore.com\/index.php\/product\/chauffe-eau-electrique-80-litres-bosch\/\",\"name\":\"CHAUFFE EAU \u00c9LECTRIQUE 80 LITRES BOSCH - Naski Store\",\"isPartOf\":{\"@id\":\"https:\/\/naskistore.com\/#website\"},\"datePublished\":\"2023-06-20T17:21:24+00:00\",\"dateModified\":\"2023-06-20T17:21:24+00:00\",\"breadcrumb\":{\"@id\":\"https:\/\/naskistore.com\/index.php\/product\/chauffe-eau-electrique-80-litres-bosch\/#breadcrumb\"},\"inLanguage\":\"fr-FR\",\"potentialAction\":[{\"@type\":\"ReadAction\",\"target\":[\"https:\/\/naskistore.com\/index.php\/product\/chauffe-eau-electrique-80-litres-bosch\/\"]}]},{\"@type\":\"BreadcrumbList\",\"@id\":\"https:\/\/naskistore.com\/index.php\/product\/chauffe-eau-electrique-80-litres-bosch\/#breadcrumb\",\"itemListElement\":[{\"@type\":\"ListItem\",\"position\":1,\"name\":\"Home\",\"item\":\"https:\/\/naskistore.com\/\"},{\"@type\":\"ListItem\",\"position\":2,\"name\":\"Boutique\",\"item\":\"https:\/\/naskistore.com\/index.php\/boutique\/\"},{\"@type\":\"ListItem\",\"position\":3,\"name\":\"CHAUFFE EAU \u00c9LECTRIQUE 80 LITRES BOSCH\"}]},{\"@type\":\"WebSite\",\"@id\":\"https:\/\/naskistore.com\/#website\",\"url\":\"https:\/\/naskistore.com\/\",\"name\":\"Naski Store\",\"description\":\"Quincaillerie g\u00e9n\u00e9rale\",\"publisher\":{\"@id\":\"https:\/\/naskistore.com\/#organization\"},\"potentialAction\":[{\"@type\":\"SearchAction\",\"target\":{\"@type\":\"EntryPoint\",\"urlTemplate\":\"https:\/\/naskistore.com\/?s={search_term_string}\"},\"query-input\":\"required name=search_term_string\"}],\"inLanguage\":\"fr-FR\"},{\"@type\":\"Organization\",\"@id\":\"https:\/\/naskistore.com\/#organization\",\"name\":\"Naski Store\",\"url\":\"https:\/\/naskistore.com\/\",\"logo\":{\"@type\":\"ImageObject\",\"inLanguage\":\"fr-FR\",\"@id\":\"https:\/\/naskistore.com\/#\/schema\/logo\/image\/\",\"url\":\"https:\/\/naskistore.com\/wp-content\/uploads\/2023\/05\/LOGO.png\",\"contentUrl\":\"https:\/\/naskistore.com\/wp-content\/uploads\/2023\/05\/LOGO.png\",\"width\":1720,\"height\":696,\"caption\":\"Naski Store\"},\"image\":{\"@id\":\"https:\/\/naskistore.com\/#\/schema\/logo\/image\/\"}}]}<\/script>\n<!-- \/ Yoast SEO Premium plugin. -->","yoast_head_json":{"title":"CHAUFFE EAU \u00c9LECTRIQUE 80 LITRES BOSCH - Naski Store","robots":{"index":"index","follow":"follow","max-snippet":"max-snippet:-1","max-image-preview":"max-image-preview:large","max-video-preview":"max-video-preview:-1"},"canonical":"https:\/\/naskistore.com\/index.php\/product\/chauffe-eau-electrique-80-litres-bosch\/","og_locale":"fr_FR","og_type":"article","og_title":"CHAUFFE EAU \u00c9LECTRIQUE 80 LITRES BOSCH","og_description":"CHAUFFE EAU ELECTRIQUE 80 LITRES BOSCH: Le chauffe-eau est un \u00e9quipement domestique ou industriel servant \u00e0 chauffer de l&rsquo;eau \u00e0 l&rsquo;aide d&rsquo;une source d&rsquo;\u00e9nergie, qui peut \u00eatre l&rsquo;\u00e9lectricit\u00e9, le gaz, le fioul ou l&rsquo;\u00e9nergie solaire Chauffe-eau \u00e9lectrique BOSCH Tronic 2000 T ES80-6 Classe \u00e9nerg\u00e9tique ErP: C Tension de connexion: 230 Vac Puissance \u00e9lectrique: 2000W Poids [&hellip;]","og_url":"https:\/\/naskistore.com\/index.php\/product\/chauffe-eau-electrique-80-litres-bosch\/","og_site_name":"Naski Store","og_image":[{"width":600,"height":600,"url":"https:\/\/naskistore.com\/wp-content\/uploads\/2023\/06\/chauffe-eau-electrique-30-litres-bosch.jpg","type":"image\/jpeg"}],"twitter_card":"summary_large_image","twitter_misc":{"Dur\u00e9e de lecture estim\u00e9e":"1 minute"},"schema":{"@context":"https:\/\/schema.org","@graph":[{"@type":"WebPage","@id":"https:\/\/naskistore.com\/index.php\/product\/chauffe-eau-electrique-80-litres-bosch\/","url":"https:\/\/naskistore.com\/index.php\/product\/chauffe-eau-electrique-80-litres-bosch\/","name":"CHAUFFE EAU \u00c9LECTRIQUE 80 LITRES BOSCH - Naski Store","isPartOf":{"@id":"https:\/\/naskistore.com\/#website"},"datePublished":"2023-06-20T17:21:24+00:00","dateModified":"2023-06-20T17:21:24+00:00","breadcrumb":{"@id":"https:\/\/naskistore.com\/index.php\/product\/chauffe-eau-electrique-80-litres-bosch\/#breadcrumb"},"inLanguage":"fr-FR","potentialAction":[{"@type":"ReadAction","target":["https:\/\/naskistore.com\/index.php\/product\/chauffe-eau-electrique-80-litres-bosch\/"]}]},{"@type":"BreadcrumbList","@id":"https:\/\/naskistore.com\/index.php\/product\/chauffe-eau-electrique-80-litres-bosch\/#breadcrumb","itemListElement":[{"@type":"ListItem","position":1,"name":"Home","item":"https:\/\/naskistore.com\/"},{"@type":"ListItem","position":2,"name":"Boutique","item":"https:\/\/naskistore.com\/index.php\/boutique\/"},{"@type":"ListItem","position":3,"name":"CHAUFFE EAU \u00c9LECTRIQUE 80 LITRES BOSCH"}]},{"@type":"WebSite","@id":"https:\/\/naskistore.com\/#website","url":"https:\/\/naskistore.com\/","name":"Naski Store","description":"Quincaillerie g\u00e9n\u00e9rale","publisher":{"@id":"https:\/\/naskistore.com\/#organization"},"potentialAction":[{"@type":"SearchAction","target":{"@type":"EntryPoint","urlTemplate":"https:\/\/naskistore.com\/?s={search_term_string}"},"query-input":"required name=search_term_string"}],"inLanguage":"fr-FR"},{"@type":"Organization","@id":"https:\/\/naskistore.com\/#organization","name":"Naski Store","url":"https:\/\/naskistore.com\/","logo":{"@type":"ImageObject","inLanguage":"fr-FR","@id":"https:\/\/naskistore.com\/#\/schema\/logo\/image\/","url":"https:\/\/naskistore.com\/wp-content\/uploads\/2023\/05\/LOGO.png","contentUrl":"https:\/\/naskistore.com\/wp-content\/uploads\/2023\/05\/LOGO.png","width":1720,"height":696,"caption":"Naski Store"},"image":{"@id":"https:\/\/naskistore.com\/#\/schema\/logo\/image\/"}}]}},"_links":{"self":[{"href":"https:\/\/naskistore.com\/index.php\/wp-json\/wp\/v2\/product\/11009","targetHints":{"allow":["GET"]}}],"collection":[{"href":"https:\/\/naskistore.com\/index.php\/wp-json\/wp\/v2\/product"}],"about":[{"href":"https:\/\/naskistore.com\/index.php\/wp-json\/wp\/v2\/types\/product"}],"wp:featuredmedia":[{"embeddable":true,"href":"https:\/\/naskistore.com\/index.php\/wp-json\/wp\/v2\/media\/11010"}],"wp:attachment":[{"href":"https:\/\/naskistore.com\/index.php\/wp-json\/wp\/v2\/media?parent=11009"}],"wp:term":[{"taxonomy":"product_cat","embeddable":true,"href":"https:\/\/naskistore.com\/index.php\/wp-json\/wp\/v2\/product_cat?post=11009"},{"taxonomy":"product_tag","embeddable":true,"href":"https:\/\/naskistore.com\/index.php\/wp-json\/wp\/v2\/product_tag?post=11009"}],"curies":[{"name":"wp","href":"https:\/\/api.w.org\/{rel}","templated":true}]}}