{"id":11012,"date":"2023-06-21T10:11:31","date_gmt":"2023-06-21T10:11:31","guid":{"rendered":"https:\/\/naskistore.com\/?post_type=product&#038;p=11012"},"modified":"2023-06-21T10:11:31","modified_gmt":"2023-06-21T10:11:31","slug":"mitigeur-de-toilette-encastre-zarzis-2","status":"publish","type":"product","link":"https:\/\/naskistore.com\/index.php\/product\/mitigeur-de-toilette-encastre-zarzis-2\/","title":{"rendered":"Mitigeur de toilette encastr\u00e9 Zarzis"},"content":{"rendered":"<div class=\"headofproduct\">\n<h1 class=\"left titP\">Mitigeur de toilette encastr\u00e9 Zarzis<\/h1>\n<div class=\"clear\"><\/div>\n<\/div>\n<div class=\"content_detail_product\">\n<div class=\"bgtop\">\n<div class=\"bgbottom\">\n<div class=\"blockLeft left\">\n<div class=\"imageproduct\">\n<div class=\"titreDec\">\n<p>Finition chrom\u00e9e \u00e9clatante et durable NF EN ISO 1456 Cartouche en c\u00e9ramique \u00d835mm avec \u00e9conomie d\u2019eau<\/p>\n<\/div>\n<div class=\"titreDec\">Brillant et facile \u00e0 nettoyer<\/div>\n<div class=\"titreDec\">Confort d\u2019utilisation<\/div>\n<div class=\"titreDec\">Flexibles de raccordement souples<\/div>\n<\/div>\n<\/div>\n<\/div>\n<\/div>\n<\/div>\n","protected":false},"excerpt":{"rendered":"<p>Mitigeur de toilette encastr\u00e9 Zarzis Finition chrom\u00e9e \u00e9clatante et durable NF EN ISO 1456 Cartouche en c\u00e9ramique \u00d835mm avec \u00e9conomie d\u2019eau Brillant et facile \u00e0 nettoyer Confort d\u2019utilisation Flexibles de raccordement souples<\/p>\n","protected":false},"featured_media":11013,"template":"","meta":{"om_disable_all_campaigns":false,"_mi_skip_tracking":false,"_monsterinsights_sitenote_active":false,"_monsterinsights_sitenote_note":"","_monsterinsights_sitenote_category":0},"product_cat":[152,241,403,256],"product_tag":[],"class_list":["post-11012","product","type-product","status-publish","has-post-thumbnail","hentry","product_cat-accessoires-vannes-et-robinets","product_cat-plomberie","product_cat-serie-zarzis","product_cat-sopal","product_brand-sopal"],"aioseo_notices":[],"yoast_head":"<!-- This site is optimized with the Yoast SEO Premium plugin v21.5 (Yoast SEO v21.5) - https:\/\/yoast.com\/wordpress\/plugins\/seo\/ -->\n<title>Mitigeur de toilette encastr\u00e9 Zarzis - Naski Store<\/title>\n<meta name=\"robots\" content=\"index, follow, max-snippet:-1, max-image-preview:large, max-video-preview:-1\" \/>\n<link rel=\"canonical\" href=\"https:\/\/naskistore.com\/index.php\/product\/mitigeur-de-toilette-encastre-zarzis-2\/\" \/>\n<meta property=\"og:locale\" content=\"fr_FR\" \/>\n<meta property=\"og:type\" content=\"article\" \/>\n<meta property=\"og:title\" content=\"Mitigeur de toilette encastr\u00e9 Zarzis\" \/>\n<meta property=\"og:description\" content=\"Mitigeur de toilette encastr\u00e9 Zarzis Finition chrom\u00e9e \u00e9clatante et durable NF EN ISO 1456 Cartouche en c\u00e9ramique \u00d835mm avec \u00e9conomie d\u2019eau Brillant et facile \u00e0 nettoyer Confort d\u2019utilisation Flexibles de raccordement souples\" \/>\n<meta property=\"og:url\" content=\"https:\/\/naskistore.com\/index.php\/product\/mitigeur-de-toilette-encastre-zarzis-2\/\" \/>\n<meta property=\"og:site_name\" content=\"Naski Store\" \/>\n<meta property=\"og:image\" content=\"https:\/\/naskistore.com\/wp-content\/uploads\/2023\/06\/mitigeur-de-toilette-encastre-zarzis-sopal.jpg\" \/>\n\t<meta property=\"og:image:width\" content=\"490\" \/>\n\t<meta property=\"og:image:height\" content=\"490\" \/>\n\t<meta property=\"og:image:type\" content=\"image\/jpeg\" \/>\n<meta name=\"twitter:card\" content=\"summary_large_image\" \/>\n<script type=\"application\/ld+json\" class=\"yoast-schema-graph\">{\"@context\":\"https:\/\/schema.org\",\"@graph\":[{\"@type\":\"WebPage\",\"@id\":\"https:\/\/naskistore.com\/index.php\/product\/mitigeur-de-toilette-encastre-zarzis-2\/\",\"url\":\"https:\/\/naskistore.com\/index.php\/product\/mitigeur-de-toilette-encastre-zarzis-2\/\",\"name\":\"Mitigeur de toilette encastr\u00e9 Zarzis - Naski Store\",\"isPartOf\":{\"@id\":\"https:\/\/naskistore.com\/#website\"},\"datePublished\":\"2023-06-21T10:11:31+00:00\",\"dateModified\":\"2023-06-21T10:11:31+00:00\",\"breadcrumb\":{\"@id\":\"https:\/\/naskistore.com\/index.php\/product\/mitigeur-de-toilette-encastre-zarzis-2\/#breadcrumb\"},\"inLanguage\":\"fr-FR\",\"potentialAction\":[{\"@type\":\"ReadAction\",\"target\":[\"https:\/\/naskistore.com\/index.php\/product\/mitigeur-de-toilette-encastre-zarzis-2\/\"]}]},{\"@type\":\"BreadcrumbList\",\"@id\":\"https:\/\/naskistore.com\/index.php\/product\/mitigeur-de-toilette-encastre-zarzis-2\/#breadcrumb\",\"itemListElement\":[{\"@type\":\"ListItem\",\"position\":1,\"name\":\"Home\",\"item\":\"https:\/\/naskistore.com\/\"},{\"@type\":\"ListItem\",\"position\":2,\"name\":\"Boutique\",\"item\":\"https:\/\/naskistore.com\/index.php\/boutique\/\"},{\"@type\":\"ListItem\",\"position\":3,\"name\":\"Mitigeur de toilette encastr\u00e9 Zarzis\"}]},{\"@type\":\"WebSite\",\"@id\":\"https:\/\/naskistore.com\/#website\",\"url\":\"https:\/\/naskistore.com\/\",\"name\":\"Naski Store\",\"description\":\"Quincaillerie g\u00e9n\u00e9rale\",\"publisher\":{\"@id\":\"https:\/\/naskistore.com\/#organization\"},\"potentialAction\":[{\"@type\":\"SearchAction\",\"target\":{\"@type\":\"EntryPoint\",\"urlTemplate\":\"https:\/\/naskistore.com\/?s={search_term_string}\"},\"query-input\":\"required name=search_term_string\"}],\"inLanguage\":\"fr-FR\"},{\"@type\":\"Organization\",\"@id\":\"https:\/\/naskistore.com\/#organization\",\"name\":\"Naski Store\",\"url\":\"https:\/\/naskistore.com\/\",\"logo\":{\"@type\":\"ImageObject\",\"inLanguage\":\"fr-FR\",\"@id\":\"https:\/\/naskistore.com\/#\/schema\/logo\/image\/\",\"url\":\"https:\/\/naskistore.com\/wp-content\/uploads\/2023\/05\/LOGO.png\",\"contentUrl\":\"https:\/\/naskistore.com\/wp-content\/uploads\/2023\/05\/LOGO.png\",\"width\":1720,\"height\":696,\"caption\":\"Naski Store\"},\"image\":{\"@id\":\"https:\/\/naskistore.com\/#\/schema\/logo\/image\/\"}}]}<\/script>\n<!-- \/ Yoast SEO Premium plugin. -->","yoast_head_json":{"title":"Mitigeur de toilette encastr\u00e9 Zarzis - Naski Store","robots":{"index":"index","follow":"follow","max-snippet":"max-snippet:-1","max-image-preview":"max-image-preview:large","max-video-preview":"max-video-preview:-1"},"canonical":"https:\/\/naskistore.com\/index.php\/product\/mitigeur-de-toilette-encastre-zarzis-2\/","og_locale":"fr_FR","og_type":"article","og_title":"Mitigeur de toilette encastr\u00e9 Zarzis","og_description":"Mitigeur de toilette encastr\u00e9 Zarzis Finition chrom\u00e9e \u00e9clatante et durable NF EN ISO 1456 Cartouche en c\u00e9ramique \u00d835mm avec \u00e9conomie d\u2019eau Brillant et facile \u00e0 nettoyer Confort d\u2019utilisation Flexibles de raccordement souples","og_url":"https:\/\/naskistore.com\/index.php\/product\/mitigeur-de-toilette-encastre-zarzis-2\/","og_site_name":"Naski Store","og_image":[{"width":490,"height":490,"url":"https:\/\/naskistore.com\/wp-content\/uploads\/2023\/06\/mitigeur-de-toilette-encastre-zarzis-sopal.jpg","type":"image\/jpeg"}],"twitter_card":"summary_large_image","schema":{"@context":"https:\/\/schema.org","@graph":[{"@type":"WebPage","@id":"https:\/\/naskistore.com\/index.php\/product\/mitigeur-de-toilette-encastre-zarzis-2\/","url":"https:\/\/naskistore.com\/index.php\/product\/mitigeur-de-toilette-encastre-zarzis-2\/","name":"Mitigeur de toilette encastr\u00e9 Zarzis - Naski Store","isPartOf":{"@id":"https:\/\/naskistore.com\/#website"},"datePublished":"2023-06-21T10:11:31+00:00","dateModified":"2023-06-21T10:11:31+00:00","breadcrumb":{"@id":"https:\/\/naskistore.com\/index.php\/product\/mitigeur-de-toilette-encastre-zarzis-2\/#breadcrumb"},"inLanguage":"fr-FR","potentialAction":[{"@type":"ReadAction","target":["https:\/\/naskistore.com\/index.php\/product\/mitigeur-de-toilette-encastre-zarzis-2\/"]}]},{"@type":"BreadcrumbList","@id":"https:\/\/naskistore.com\/index.php\/product\/mitigeur-de-toilette-encastre-zarzis-2\/#breadcrumb","itemListElement":[{"@type":"ListItem","position":1,"name":"Home","item":"https:\/\/naskistore.com\/"},{"@type":"ListItem","position":2,"name":"Boutique","item":"https:\/\/naskistore.com\/index.php\/boutique\/"},{"@type":"ListItem","position":3,"name":"Mitigeur de toilette encastr\u00e9 Zarzis"}]},{"@type":"WebSite","@id":"https:\/\/naskistore.com\/#website","url":"https:\/\/naskistore.com\/","name":"Naski Store","description":"Quincaillerie g\u00e9n\u00e9rale","publisher":{"@id":"https:\/\/naskistore.com\/#organization"},"potentialAction":[{"@type":"SearchAction","target":{"@type":"EntryPoint","urlTemplate":"https:\/\/naskistore.com\/?s={search_term_string}"},"query-input":"required name=search_term_string"}],"inLanguage":"fr-FR"},{"@type":"Organization","@id":"https:\/\/naskistore.com\/#organization","name":"Naski Store","url":"https:\/\/naskistore.com\/","logo":{"@type":"ImageObject","inLanguage":"fr-FR","@id":"https:\/\/naskistore.com\/#\/schema\/logo\/image\/","url":"https:\/\/naskistore.com\/wp-content\/uploads\/2023\/05\/LOGO.png","contentUrl":"https:\/\/naskistore.com\/wp-content\/uploads\/2023\/05\/LOGO.png","width":1720,"height":696,"caption":"Naski Store"},"image":{"@id":"https:\/\/naskistore.com\/#\/schema\/logo\/image\/"}}]}},"_links":{"self":[{"href":"https:\/\/naskistore.com\/index.php\/wp-json\/wp\/v2\/product\/11012","targetHints":{"allow":["GET"]}}],"collection":[{"href":"https:\/\/naskistore.com\/index.php\/wp-json\/wp\/v2\/product"}],"about":[{"href":"https:\/\/naskistore.com\/index.php\/wp-json\/wp\/v2\/types\/product"}],"wp:featuredmedia":[{"embeddable":true,"href":"https:\/\/naskistore.com\/index.php\/wp-json\/wp\/v2\/media\/11013"}],"wp:attachment":[{"href":"https:\/\/naskistore.com\/index.php\/wp-json\/wp\/v2\/media?parent=11012"}],"wp:term":[{"taxonomy":"product_cat","embeddable":true,"href":"https:\/\/naskistore.com\/index.php\/wp-json\/wp\/v2\/product_cat?post=11012"},{"taxonomy":"product_tag","embeddable":true,"href":"https:\/\/naskistore.com\/index.php\/wp-json\/wp\/v2\/product_tag?post=11012"}],"curies":[{"name":"wp","href":"https:\/\/api.w.org\/{rel}","templated":true}]}}