{"id":11014,"date":"2023-06-21T11:47:07","date_gmt":"2023-06-21T11:47:07","guid":{"rendered":"https:\/\/naskistore.com\/?post_type=product&#038;p=11014"},"modified":"2023-06-21T11:47:07","modified_gmt":"2023-06-21T11:47:07","slug":"mitigeur-de-lavabo-douz","status":"publish","type":"product","link":"https:\/\/naskistore.com\/index.php\/product\/mitigeur-de-lavabo-douz\/","title":{"rendered":"Mitigeur de lavabo Douz"},"content":{"rendered":"<div class=\"titreDec\">Finition chrom\u00e9e \u00e9clatante et durable NF EN ISO 1456<\/div>\n<div class=\"titreDec\">Brillant et facile \u00e0 nettoyer<\/div>\n<div class=\"titreDec\">Confort d\u2019utilisation<\/div>\n<div class=\"titreDec\">Cartouche en c\u00e9ramique \u00d840mm avec \u00e9conomie d\u2019eau<\/div>\n<div class=\"titreDec\">Flexibles de raccordement souples<\/div>\n","protected":false},"excerpt":{"rendered":"<p>Finition chrom\u00e9e \u00e9clatante et durable NF EN ISO 1456 Brillant et facile \u00e0 nettoyer Confort d\u2019utilisation Cartouche en c\u00e9ramique \u00d840mm avec \u00e9conomie d\u2019eau Flexibles de raccordement souples<\/p>\n","protected":false},"featured_media":11015,"template":"","meta":{"om_disable_all_campaigns":false,"_mi_skip_tracking":false,"_monsterinsights_sitenote_active":false,"_monsterinsights_sitenote_note":"","_monsterinsights_sitenote_category":0},"product_cat":[152,241,405,256],"product_tag":[],"class_list":["post-11014","product","type-product","status-publish","has-post-thumbnail","hentry","product_cat-accessoires-vannes-et-robinets","product_cat-plomberie","product_cat-serie-douz","product_cat-sopal","product_brand-sopal"],"aioseo_notices":[],"yoast_head":"<!-- This site is optimized with the Yoast SEO Premium plugin v21.5 (Yoast SEO v21.5) - https:\/\/yoast.com\/wordpress\/plugins\/seo\/ -->\n<title>Mitigeur de lavabo Douz - Naski Store<\/title>\n<meta name=\"robots\" content=\"index, follow, max-snippet:-1, max-image-preview:large, max-video-preview:-1\" \/>\n<link rel=\"canonical\" href=\"https:\/\/naskistore.com\/index.php\/product\/mitigeur-de-lavabo-douz\/\" \/>\n<meta property=\"og:locale\" content=\"fr_FR\" \/>\n<meta property=\"og:type\" content=\"article\" \/>\n<meta property=\"og:title\" content=\"Mitigeur de lavabo Douz\" \/>\n<meta property=\"og:description\" content=\"Finition chrom\u00e9e \u00e9clatante et durable NF EN ISO 1456 Brillant et facile \u00e0 nettoyer Confort d\u2019utilisation Cartouche en c\u00e9ramique \u00d840mm avec \u00e9conomie d\u2019eau Flexibles de raccordement souples\" \/>\n<meta property=\"og:url\" content=\"https:\/\/naskistore.com\/index.php\/product\/mitigeur-de-lavabo-douz\/\" \/>\n<meta property=\"og:site_name\" content=\"Naski Store\" \/>\n<meta property=\"og:image\" content=\"https:\/\/naskistore.com\/wp-content\/uploads\/2023\/06\/3-1.jpg\" \/>\n\t<meta property=\"og:image:width\" content=\"1900\" \/>\n\t<meta property=\"og:image:height\" content=\"1068\" \/>\n\t<meta property=\"og:image:type\" content=\"image\/jpeg\" \/>\n<meta name=\"twitter:card\" content=\"summary_large_image\" \/>\n<script type=\"application\/ld+json\" class=\"yoast-schema-graph\">{\"@context\":\"https:\/\/schema.org\",\"@graph\":[{\"@type\":\"WebPage\",\"@id\":\"https:\/\/naskistore.com\/index.php\/product\/mitigeur-de-lavabo-douz\/\",\"url\":\"https:\/\/naskistore.com\/index.php\/product\/mitigeur-de-lavabo-douz\/\",\"name\":\"Mitigeur de lavabo Douz - Naski Store\",\"isPartOf\":{\"@id\":\"https:\/\/naskistore.com\/#website\"},\"datePublished\":\"2023-06-21T11:47:07+00:00\",\"dateModified\":\"2023-06-21T11:47:07+00:00\",\"breadcrumb\":{\"@id\":\"https:\/\/naskistore.com\/index.php\/product\/mitigeur-de-lavabo-douz\/#breadcrumb\"},\"inLanguage\":\"fr-FR\",\"potentialAction\":[{\"@type\":\"ReadAction\",\"target\":[\"https:\/\/naskistore.com\/index.php\/product\/mitigeur-de-lavabo-douz\/\"]}]},{\"@type\":\"BreadcrumbList\",\"@id\":\"https:\/\/naskistore.com\/index.php\/product\/mitigeur-de-lavabo-douz\/#breadcrumb\",\"itemListElement\":[{\"@type\":\"ListItem\",\"position\":1,\"name\":\"Home\",\"item\":\"https:\/\/naskistore.com\/\"},{\"@type\":\"ListItem\",\"position\":2,\"name\":\"Boutique\",\"item\":\"https:\/\/naskistore.com\/index.php\/boutique\/\"},{\"@type\":\"ListItem\",\"position\":3,\"name\":\"Mitigeur de lavabo Douz\"}]},{\"@type\":\"WebSite\",\"@id\":\"https:\/\/naskistore.com\/#website\",\"url\":\"https:\/\/naskistore.com\/\",\"name\":\"Naski Store\",\"description\":\"Quincaillerie g\u00e9n\u00e9rale\",\"publisher\":{\"@id\":\"https:\/\/naskistore.com\/#organization\"},\"potentialAction\":[{\"@type\":\"SearchAction\",\"target\":{\"@type\":\"EntryPoint\",\"urlTemplate\":\"https:\/\/naskistore.com\/?s={search_term_string}\"},\"query-input\":\"required name=search_term_string\"}],\"inLanguage\":\"fr-FR\"},{\"@type\":\"Organization\",\"@id\":\"https:\/\/naskistore.com\/#organization\",\"name\":\"Naski Store\",\"url\":\"https:\/\/naskistore.com\/\",\"logo\":{\"@type\":\"ImageObject\",\"inLanguage\":\"fr-FR\",\"@id\":\"https:\/\/naskistore.com\/#\/schema\/logo\/image\/\",\"url\":\"https:\/\/naskistore.com\/wp-content\/uploads\/2023\/05\/LOGO.png\",\"contentUrl\":\"https:\/\/naskistore.com\/wp-content\/uploads\/2023\/05\/LOGO.png\",\"width\":1720,\"height\":696,\"caption\":\"Naski Store\"},\"image\":{\"@id\":\"https:\/\/naskistore.com\/#\/schema\/logo\/image\/\"}}]}<\/script>\n<!-- \/ Yoast SEO Premium plugin. -->","yoast_head_json":{"title":"Mitigeur de lavabo Douz - Naski Store","robots":{"index":"index","follow":"follow","max-snippet":"max-snippet:-1","max-image-preview":"max-image-preview:large","max-video-preview":"max-video-preview:-1"},"canonical":"https:\/\/naskistore.com\/index.php\/product\/mitigeur-de-lavabo-douz\/","og_locale":"fr_FR","og_type":"article","og_title":"Mitigeur de lavabo Douz","og_description":"Finition chrom\u00e9e \u00e9clatante et durable NF EN ISO 1456 Brillant et facile \u00e0 nettoyer Confort d\u2019utilisation Cartouche en c\u00e9ramique \u00d840mm avec \u00e9conomie d\u2019eau Flexibles de raccordement souples","og_url":"https:\/\/naskistore.com\/index.php\/product\/mitigeur-de-lavabo-douz\/","og_site_name":"Naski Store","og_image":[{"width":1900,"height":1068,"url":"https:\/\/naskistore.com\/wp-content\/uploads\/2023\/06\/3-1.jpg","type":"image\/jpeg"}],"twitter_card":"summary_large_image","schema":{"@context":"https:\/\/schema.org","@graph":[{"@type":"WebPage","@id":"https:\/\/naskistore.com\/index.php\/product\/mitigeur-de-lavabo-douz\/","url":"https:\/\/naskistore.com\/index.php\/product\/mitigeur-de-lavabo-douz\/","name":"Mitigeur de lavabo Douz - Naski Store","isPartOf":{"@id":"https:\/\/naskistore.com\/#website"},"datePublished":"2023-06-21T11:47:07+00:00","dateModified":"2023-06-21T11:47:07+00:00","breadcrumb":{"@id":"https:\/\/naskistore.com\/index.php\/product\/mitigeur-de-lavabo-douz\/#breadcrumb"},"inLanguage":"fr-FR","potentialAction":[{"@type":"ReadAction","target":["https:\/\/naskistore.com\/index.php\/product\/mitigeur-de-lavabo-douz\/"]}]},{"@type":"BreadcrumbList","@id":"https:\/\/naskistore.com\/index.php\/product\/mitigeur-de-lavabo-douz\/#breadcrumb","itemListElement":[{"@type":"ListItem","position":1,"name":"Home","item":"https:\/\/naskistore.com\/"},{"@type":"ListItem","position":2,"name":"Boutique","item":"https:\/\/naskistore.com\/index.php\/boutique\/"},{"@type":"ListItem","position":3,"name":"Mitigeur de lavabo Douz"}]},{"@type":"WebSite","@id":"https:\/\/naskistore.com\/#website","url":"https:\/\/naskistore.com\/","name":"Naski Store","description":"Quincaillerie g\u00e9n\u00e9rale","publisher":{"@id":"https:\/\/naskistore.com\/#organization"},"potentialAction":[{"@type":"SearchAction","target":{"@type":"EntryPoint","urlTemplate":"https:\/\/naskistore.com\/?s={search_term_string}"},"query-input":"required name=search_term_string"}],"inLanguage":"fr-FR"},{"@type":"Organization","@id":"https:\/\/naskistore.com\/#organization","name":"Naski Store","url":"https:\/\/naskistore.com\/","logo":{"@type":"ImageObject","inLanguage":"fr-FR","@id":"https:\/\/naskistore.com\/#\/schema\/logo\/image\/","url":"https:\/\/naskistore.com\/wp-content\/uploads\/2023\/05\/LOGO.png","contentUrl":"https:\/\/naskistore.com\/wp-content\/uploads\/2023\/05\/LOGO.png","width":1720,"height":696,"caption":"Naski Store"},"image":{"@id":"https:\/\/naskistore.com\/#\/schema\/logo\/image\/"}}]}},"_links":{"self":[{"href":"https:\/\/naskistore.com\/index.php\/wp-json\/wp\/v2\/product\/11014","targetHints":{"allow":["GET"]}}],"collection":[{"href":"https:\/\/naskistore.com\/index.php\/wp-json\/wp\/v2\/product"}],"about":[{"href":"https:\/\/naskistore.com\/index.php\/wp-json\/wp\/v2\/types\/product"}],"wp:featuredmedia":[{"embeddable":true,"href":"https:\/\/naskistore.com\/index.php\/wp-json\/wp\/v2\/media\/11015"}],"wp:attachment":[{"href":"https:\/\/naskistore.com\/index.php\/wp-json\/wp\/v2\/media?parent=11014"}],"wp:term":[{"taxonomy":"product_cat","embeddable":true,"href":"https:\/\/naskistore.com\/index.php\/wp-json\/wp\/v2\/product_cat?post=11014"},{"taxonomy":"product_tag","embeddable":true,"href":"https:\/\/naskistore.com\/index.php\/wp-json\/wp\/v2\/product_tag?post=11014"}],"curies":[{"name":"wp","href":"https:\/\/api.w.org\/{rel}","templated":true}]}}